{"id":405,"date":"2016-08-05T11:42:22","date_gmt":"2016-08-05T11:42:22","guid":{"rendered":"http:\/\/pagodetrithu.ch\/trainers\/"},"modified":"2025-10-08T19:59:52","modified_gmt":"2025-10-08T19:59:52","slug":"dieu-hanh","status":"publish","type":"page","link":"https:\/\/pagodetrithu.ch\/vn\/dieu-hanh\/","title":{"rendered":"\u0110i\u1ec1u H\u00e0nh"},"content":{"rendered":"<div id=\"cs-content\" class=\"cs-content\"><div class=\"x-section e405-e1 mb9-0 mb9-1\"><div class=\"x-bg\" aria-hidden=\"true\"><div class=\"x-bg-layer-lower-image\" data-x-element-bg-layer=\"{&quot;parallaxSize&quot;:&quot;150%&quot;,&quot;parallaxDir&quot;:&quot;v&quot;,&quot;parallaxRev&quot;:false}\"><\/div><\/div><div class=\"x-row x-container max width e405-e2 mb9-7 mb9-8 mb9-9\"><div class=\"x-row-inner\"><div class=\"x-col e405-e3 mb9-d\"><div class=\"x-text x-text-headline e405-e4 mb9-f mb9-g\"><div class=\"x-text-content\"><div class=\"x-text-content-text\"><h1 class=\"x-text-content-text-primary\">\u0110i\u1ec1u H\u00e0nh<\/h1>\n<\/div><\/div><\/div><\/div><\/div><\/div><\/div><div class=\"x-section e405-e5 mb9-0 mb9-2 mb9-3 mb9-4\"><span class=\"x-separator-top-angle-out\" style=\"top: 1px; height: 50px; color: rgb(255, 255, 255);\" aria-hidden=\"true\"><svg class=\"angle-top-out\" style=\"fill: currentColor;\" xmlns=\"http:\/\/www.w3.org\/2000\/svg\" version=\"1.1\" viewBox=\"0 0 100 100\" preserveAspectRatio=\"none\"><polygon points=\"100,0 100,100 0,100\"\/><\/svg><\/span><div class=\"x-row x-container max width e405-e6 mb9-7 mb9-8 mb9-a\"><div class=\"x-row-inner\"><div class=\"x-col e405-e7 mb9-d mb9-e\"><hr class=\"x-line e405-e8 mb9-i\"\/><div class=\"x-text x-text-headline e405-e9 mb9-f mb9-h\"><div class=\"x-text-content\"><div class=\"x-text-content-text\"><h1 class=\"x-text-content-text-primary\">HT. Th\u00edch Qu\u1ea3ng Hi\u1ec1n<\/h1>\n<\/div><\/div><\/div><div id=\"\" class=\"x-text cs-ta-center avatar-description\" style=\"\" ><p>Tr\u1ee5 Tr\u00ec Ch\u00f9a Tr\u00ed Th\u1ee7<br \/>\nKi\u00eam H\u1ed9i Tr\u01b0\u1edfng<\/p>\n<\/div><\/div><div class=\"x-col e405-e11 mb9-d mb9-e\"><span class=\"x-image e405-e12 mb9-j\"><img decoding=\"async\" src=\"https:\/\/pagodetrithu.ch\/wp-content\/uploads\/website-design\/avatar-thich-quang-hien.png\" width=\"346\" height=\"346\" alt=\"avatar-thich-quang-hien\" loading=\"lazy\"><\/span><\/div><\/div><\/div><\/div><div class=\"x-section e405-e13 mb9-0 mb9-2 mb9-3 mb9-5\"><span class=\"x-separator-top-angle-in\" style=\"top: 0px; height: 50px; color: #686868;\" aria-hidden=\"true\"><svg class=\"angle-top-in\" style=\"fill: currentColor;\" xmlns=\"http:\/\/www.w3.org\/2000\/svg\" version=\"1.1\" viewBox=\"0 0 100 100\" preserveAspectRatio=\"none\"><polygon points=\"0,100 100,100 0,0\"\/><polygon points=\"100,100 100,100 100,0\"\/><\/svg><\/span><div class=\"x-row x-container max width e405-e14 mb9-7 mb9-8 mb9-b\"><div class=\"x-row-inner\"><div class=\"x-col e405-e15 mb9-d\"><div  class=\"x-promo bang-dieu-hanh-prompt\" ><div class=\"x-promo-image-wrap\"><img decoding=\"async\" src=\"\" \/><\/div><div class=\"x-promo-content\"><h5 class=\"prompt-title\">Ni S\u01b0 T\u1ecbnh Nghi\u1ec7p<\/h5>\n<p class=\"prompt-description\">Ph\u00f3 h\u1ed9i tr\u01b0\u1edfng Ch\u00f9a Tr\u00ed Th\u1ee7<\/p>\n<p class=\"prompt-adress\">\n\n\n<\/p><\/div><\/div><\/div><div class=\"x-col e405-e17 mb9-d\"><div  class=\"x-promo bang-dieu-hanh-prompt\" ><div class=\"x-promo-image-wrap\"><img decoding=\"async\" src=\"https:\/\/pagodetrithu.ch\/wp-content\/uploads\/2025\/10\/Khanh-scaled.jpg\" \/><\/div><div class=\"x-promo-content\"><h5 class=\"prompt-title\">Tr\u1ea7n Khanh Raymond<\/h5>\n<p class=\"prompt-description\">Th\u1ee7 Qu\u1ef9<\/p>\n<p class=\"prompt-adress\">\n\npagodechuatrithu@gmail.com\n<\/p><\/div><\/div><\/div><div class=\"x-col e405-e19 mb9-d\"><div  class=\"x-promo bang-dieu-hanh-prompt\" ><div class=\"x-promo-image-wrap\"><img decoding=\"async\" src=\"https:\/\/pagodetrithu.ch\/wp-content\/uploads\/2025\/09\/Hung-scaled.jpg\" \/><\/div><div class=\"x-promo-content\"><h5 class=\"prompt-title\">Tr\u1ea7n V\u0103n H\u00f9ng<\/h5>\n<p class=\"prompt-description\">Th\u01b0 K\u00fd<\/p>\n<p class=\"prompt-adress\">\n\npagodechuatrithu@gmail.com\n<\/p><\/div><\/div><\/div><\/div><\/div><span class=\"x-separator-bottom-angle-in\" style=\"bottom: 0px; height: 50px; color: #686868;\" aria-hidden=\"true\"><svg class=\"angle-bottom-in\" style=\"fill: currentColor;\" xmlns=\"http:\/\/www.w3.org\/2000\/svg\" version=\"1.1\" viewBox=\"0 0 100 100\" preserveAspectRatio=\"none\"><polygon points=\"0,0 100,0 0,100\"\/><polygon points=\"100,0 100,0 100,100\"\/><\/svg><\/span><\/div><div class=\"x-section e405-e21 mb9-0 mb9-3 mb9-6\"><div class=\"x-row x-container max width e405-e22 mb9-7 mb9-8 mb9-c\"><div class=\"x-row-inner\"><div class=\"x-col e405-e23 mb9-d\"><div  class=\"x-promo bang-dieu-hanh-prompt\" ><div class=\"x-promo-image-wrap\"><img decoding=\"async\" src=\"\" \/><\/div><div class=\"x-promo-content\"><h5 class=\"prompt-title\">Nguy\u1ec5n Thanh H\u1ea3i<\/h5>\n<p class=\"prompt-description\">Tr\u01b0\u1edfng ban trai so\u1ea1n<\/p>\n<p class=\"prompt-adress\">\n\nthanhhai67@gmx.ch\n<\/p><\/div><\/div><\/div><div class=\"x-col e405-e25 mb9-d\"><div  class=\"x-promo bang-dieu-hanh-prompt\" ><div class=\"x-promo-image-wrap\"><img decoding=\"async\" src=\"https:\/\/pagodetrithu.ch\/wp-content\/uploads\/2022\/03\/protrait-thanh-tam.jpg\" \/><\/div><div class=\"x-promo-content\"><h5 class=\"prompt-title\">L\u00ea Thanh T\u00e2m<\/h5>\n<p class=\"prompt-description\">Tr\u01b0\u1edfng ban Kh\u00e1nh Ti\u1ebft<\/p>\n<p class=\"prompt-adress\">\nNiederrohrdorf\nlethanhtam10a@gmail.com\n<\/p><\/div><\/div><div  class=\"x-promo bang-dieu-hanh-prompt\" ><div class=\"x-promo-image-wrap\"><img decoding=\"async\" src=\"https:\/\/pagodetrithu.ch\/wp-content\/uploads\/2025\/09\/DSC2687-scaled.jpg\" \/><\/div><div class=\"x-promo-content\"><h5 class=\"prompt-title\">Tr\u1ea7n Phuc Dennis<\/h5>\n<p class=\"prompt-description\">ph\u00f3 Tr\u01b0\u1edfng ban Kh\u00e1nh Ti\u1ebft<\/p>\n<p class=\"prompt-adress\">\n\npagodechuatrithu@gmail.com\n<\/p><\/div><\/div><\/div><div class=\"x-col e405-e28 mb9-d\"><div  class=\"x-promo bang-dieu-hanh-prompt\" ><div class=\"x-promo-image-wrap\"><img decoding=\"async\" src=\"https:\/\/pagodetrithu.ch\/wp-content\/uploads\/2025\/10\/Kim-scaled.jpg\" \/><\/div><div class=\"x-promo-content\"><h5 class=\"prompt-title\">\u0110\u1eb7ng Th\u1ecb M\u1ef9 Kim<\/h5>\n<p class=\"prompt-description\">Ph\u1ee5 tr\u00e1ch trang nh\u00e0 v\u00e0 m\u1ea1ng x\u00e3 h\u1ed9i<\/p>\n<p class=\"prompt-adress\">\n\npagodechuatrithu@gmail.com\n<\/p><\/div><\/div><\/div><\/div><\/div><span class=\"x-separator-bottom-angle-in\" style=\"bottom: 0px; height: 50px; color: rgb(255, 255, 255);\" aria-hidden=\"true\"><svg class=\"angle-bottom-in\" style=\"fill: currentColor;\" xmlns=\"http:\/\/www.w3.org\/2000\/svg\" version=\"1.1\" viewBox=\"0 0 100 100\" preserveAspectRatio=\"none\"><polygon points=\"0,0 0,0 0,100\"\/><polygon points=\"0,0 100,0 100,100\"\/><\/svg><\/span><\/div><\/div>\n","protected":false},"excerpt":{"rendered":"<p>\u0110i\u1ec1u H\u00e0nh HT. Th\u00edch Qu\u1ea3ng Hi\u1ec1n Tr\u1ee5 Tr\u00ec Ch\u00f9a Tr\u00ed Th\u1ee7 Ki\u00eam H\u1ed9i Tr\u01b0\u1edfng Ni S\u01b0 T\u1ecbnh Nghi\u1ec7p Ph\u00f3 h\u1ed9i tr\u01b0\u1edfng Ch\u00f9a Tr\u00ed Th\u1ee7 Tr\u1ea7n Khanh Raymond Th\u1ee7 Qu\u1ef9 pagodechuatrithu@gmail.com Tr\u1ea7n V\u0103n H\u00f9ng Th\u01b0 K\u00fd pagodechuatrithu@gmail.com Nguy\u1ec5n Thanh H\u1ea3i Tr\u01b0\u1edfng ban trai so\u1ea1n thanhhai67@gmx.ch L\u00ea Thanh T\u00e2m Tr\u01b0\u1edfng ban Kh\u00e1nh Ti\u1ebft Niederrohrdorf lethanhtam10a@gmail.com Tr\u1ea7n Phuc Dennis ph\u00f3 Tr\u01b0\u1edfng ban Kh\u00e1nh &#8230; <a href=\"https:\/\/pagodetrithu.ch\/vn\/dieu-hanh\/\" class=\"more-link\">Read More<\/a><\/p>\n<div class='the_champ_sharing_container the_champ_vertical_sharing the_champ_hide_sharing the_champ_bottom_sharing' style='width:34px;right: 0px;top: 500px;-webkit-box-shadow:none;box-shadow:none;' data-super-socializer-href=\"https:\/\/pagodetrithu.ch\/vn\/wp-json\/wp\/v2\/pages\/405\"><div class=\"the_champ_sharing_ul\"><a aria-label=\"Facebook\" class=\"the_champ_facebook\" href=\"https:\/\/www.facebook.com\/sharer\/sharer.php?u=https%3A%2F%2Fpagodetrithu.ch%2Fvn%2Fwp-json%2Fwp%2Fv2%2Fpages%2F405\" title=\"Facebook\" rel=\"nofollow noopener\" target=\"_blank\" style=\"font-size:24px!important;box-shadow:none;display:inline-block;vertical-align:middle\"><span class=\"the_champ_svg\" style=\"background-color:#0765FE;width:30px;height:30px;border-radius:999px;display:inline-block;opacity:1;float:left;font-size:24px;box-shadow:none;display:inline-block;font-size:16px;padding:0 4px;vertical-align:middle;background-repeat:repeat;overflow:hidden;padding:0;cursor:pointer;box-sizing:content-box\"><svg style=\"display:block;border-radius:999px;\" focusable=\"false\" aria-hidden=\"true\" xmlns=\"http:\/\/www.w3.org\/2000\/svg\" width=\"100%\" height=\"100%\" viewBox=\"0 0 32 32\"><path fill=\"#fff\" d=\"M28 16c0-6.627-5.373-12-12-12S4 9.373 4 16c0 5.628 3.875 10.35 9.101 11.647v-7.98h-2.474V16H13.1v-1.58c0-4.085 1.849-5.978 5.859-5.978.76 0 2.072.15 2.608.298v3.325c-.283-.03-.775-.045-1.386-.045-1.967 0-2.728.745-2.728 2.683V16h3.92l-.673 3.667h-3.247v8.245C23.395 27.195 28 22.135 28 16Z\"><\/path><\/svg><\/span><\/a><a aria-label=\"Whatsapp\" class=\"the_champ_whatsapp\" href=\"https:\/\/api.whatsapp.com\/send?text=Pagode%20Tri%20Thu%20-%20Pagode%20Tri%20Thu https%3A%2F%2Fpagodetrithu.ch%2Fvn%2Fwp-json%2Fwp%2Fv2%2Fpages%2F405\" title=\"Whatsapp\" rel=\"nofollow noopener\" target=\"_blank\" style=\"font-size:24px!important;box-shadow:none;display:inline-block;vertical-align:middle\"><span class=\"the_champ_svg\" style=\"background-color:#55eb4c;width:30px;height:30px;border-radius:999px;display:inline-block;opacity:1;float:left;font-size:24px;box-shadow:none;display:inline-block;font-size:16px;padding:0 4px;vertical-align:middle;background-repeat:repeat;overflow:hidden;padding:0;cursor:pointer;box-sizing:content-box\"><svg style=\"display:block;border-radius:999px;\" focusable=\"false\" aria-hidden=\"true\" xmlns=\"http:\/\/www.w3.org\/2000\/svg\" width=\"100%\" height=\"100%\" viewBox=\"-6 -5 40 40\"><path class=\"the_champ_svg_stroke the_champ_no_fill\" stroke=\"#fff\" stroke-width=\"2\" fill=\"none\" d=\"M 11.579798566743314 24.396926207859085 A 10 10 0 1 0 6.808479557110079 20.73576436351046\"><\/path><path d=\"M 7 19 l -1 6 l 6 -1\" class=\"the_champ_no_fill the_champ_svg_stroke\" stroke=\"#fff\" stroke-width=\"2\" fill=\"none\"><\/path><path d=\"M 10 10 q -1 8 8 11 c 5 -1 0 -6 -1 -3 q -4 -3 -5 -5 c 4 -2 -1 -5 -1 -4\" fill=\"#fff\"><\/path><\/svg><\/span><\/a><a aria-label=\"Gmail\" class=\"the_champ_button_google_gmail\" href=\"https:\/\/mail.google.com\/mail\/?ui=2&view=cm&fs=1&tf=1&su=Pagode%20Tri%20Thu%20-%20Pagode%20Tri%20Thu&body=Link:https%3A%2F%2Fpagodetrithu.ch%2Fvn%2Fwp-json%2Fwp%2Fv2%2Fpages%2F405\" title=\"Google Gmail\" rel=\"nofollow noopener\" target=\"_blank\" style=\"font-size:24px!important;box-shadow:none;display:inline-block;vertical-align:middle\"><span class=\"the_champ_svg the_champ_s__default the_champ_s_Google_Gmail\" style=\"background-color:#e5e5e5;width:30px;height:30px;border-radius:999px;display:inline-block;opacity:1;float:left;font-size:24px;box-shadow:none;display:inline-block;font-size:16px;padding:0 4px;vertical-align:middle;background-repeat:repeat;overflow:hidden;padding:0;cursor:pointer;box-sizing:content-box\"><svg style=\"display:block;border-radius:999px;\" focusable=\"false\" aria-hidden=\"true\" xmlns=\"http:\/\/www.w3.org\/2000\/svg\" width=\"100%\" height=\"100%\" viewBox=\"0 0 32 32\"><path fill=\"#fff\" d=\"M2.902 6.223h26.195v19.554H2.902z\"><\/path><path fill=\"#E14C41\" class=\"the_champ_no_fill\" d=\"M2.902 25.777h26.195V6.223H2.902v19.554zm22.44-4.007v3.806H6.955v-3.6h.032l.093-.034 6.9-5.558 2.09 1.77 1.854-1.63 7.42 5.246zm0-.672l-7.027-4.917 7.028-6.09V21.1zm-1.17-14.67l-.947.905c-2.356 2.284-4.693 4.75-7.17 6.876l-.078.06L8.062 6.39l16.11.033zm-10.597 9.61l-6.62 5.294.016-10.914 6.607 5.62\"><\/path><\/svg><\/span><\/a><a aria-label=\"Skype\" class=\"the_champ_button_skype\" href=\"https:\/\/web.skype.com\/share?url=https%3A%2F%2Fpagodetrithu.ch%2Fvn%2Fwp-json%2Fwp%2Fv2%2Fpages%2F405\" title=\"Skype\" rel=\"nofollow noopener\" target=\"_blank\" style=\"font-size:24px!important;box-shadow:none;display:inline-block;vertical-align:middle\"><span class=\"the_champ_svg the_champ_s__default the_champ_s_skype\" style=\"background-color:#00aff0;width:30px;height:30px;border-radius:999px;display:inline-block;opacity:1;float:left;font-size:24px;box-shadow:none;display:inline-block;font-size:16px;padding:0 4px;vertical-align:middle;background-repeat:repeat;overflow:hidden;padding:0;cursor:pointer;box-sizing:content-box\"><svg style=\"display:block;border-radius:999px;\" focusable=\"false\" aria-hidden=\"true\" xmlns=\"http:\/\/www.w3.org\/2000\/svg\" width=\"100%\" height=\"100%\" viewBox=\"0 0 32 32\"><path fill=\"#fff\" d=\"M27.15 18c-.007.04-.012.084-.02.126l-.04-.24.06.113c.124-.678.19-1.37.19-2.06 0-1.53-.3-3.013-.892-4.41a11.273 11.273 0 0 0-2.43-3.602 11.288 11.288 0 0 0-8.012-3.32c-.72 0-1.443.068-2.146.203h-.005c.04.023.08.04.118.063l-.238-.037c.04-.01.08-.018.12-.026a6.717 6.717 0 0 0-3.146-.787 6.67 6.67 0 0 0-4.748 1.965A6.7 6.7 0 0 0 4 10.738c0 1.14.293 2.262.844 3.253.007-.04.012-.08.02-.12l.04.238-.06-.114c-.112.643-.17 1.3-.17 1.954a11.285 11.285 0 0 0 3.32 8.012c1.04 1.04 2.25 1.86 3.602 2.43 1.397.592 2.882.89 4.412.89.666 0 1.334-.06 1.985-.175-.038-.02-.077-.04-.116-.063l.242.04c-.046.01-.088.015-.13.02a6.68 6.68 0 0 0 3.3.87 6.661 6.661 0 0 0 4.743-1.963A6.666 6.666 0 0 0 28 21.26c0-1.145-.295-2.27-.85-3.264zm-11.098 4.885c-4.027 0-5.828-1.98-5.828-3.463 0-.76.562-1.294 1.336-1.294 1.723 0 1.277 2.474 4.49 2.474 1.647 0 2.556-.893 2.556-1.808 0-.55-.27-1.16-1.355-1.426l-3.58-.895c-2.88-.723-3.405-2.282-3.405-3.748 0-3.043 2.865-4.186 5.556-4.186 2.478 0 5.4 1.37 5.4 3.192 0 .783-.677 1.237-1.45 1.237-1.472 0-1.2-2.035-4.163-2.035-1.47 0-2.285.666-2.285 1.618 0 .95 1.16 1.254 2.17 1.484l2.65.587c2.905.647 3.64 2.342 3.64 3.94 0 2.47-1.895 4.318-5.726 4.318z\"><\/path><\/svg><\/span><\/a><a aria-label=\"Viber\" class=\"the_champ_button_viber\" href=\"viber:\/\/forward?text=Pagode%20Tri%20Thu%20-%20Pagode%20Tri%20Thu https%3A%2F%2Fpagodetrithu.ch%2Fvn%2Fwp-json%2Fwp%2Fv2%2Fpages%2F405\" title=\"Viber\" rel=\"nofollow noopener\" style=\"font-size:24px!important;box-shadow:none;display:inline-block;vertical-align:middle\"><span class=\"the_champ_svg the_champ_s__default the_champ_s_viber\" style=\"background-color:#8b628f;width:30px;height:30px;border-radius:999px;display:inline-block;opacity:1;float:left;font-size:24px;box-shadow:none;display:inline-block;font-size:16px;padding:0 4px;vertical-align:middle;background-repeat:repeat;overflow:hidden;padding:0;cursor:pointer;box-sizing:content-box\"><svg style=\"display:block;border-radius:999px;\" focusable=\"false\" aria-hidden=\"true\" xmlns=\"http:\/\/www.w3.org\/2000\/svg\" width=\"100%\" height=\"100%\" viewBox=\"0 0 32 32\"><path d=\"M22.57 27.22a7.39 7.39 0 0 1-1.14-.32 29 29 0 0 1-16-16.12c-1-2.55 0-4.7 2.66-5.58a2 2 0 0 1 1.39 0c1.12.41 3.94 4.3 4 5.46a2 2 0 0 1-1.16 1.78 2 2 0 0 0-.66 2.84A10.3 10.3 0 0 0 17 20.55a1.67 1.67 0 0 0 2.35-.55c1.07-1.62 2.38-1.54 3.82-.54.72.51 1.45 1 2.14 1.55.93.75 2.1 1.37 1.55 2.94a5.21 5.21 0 0 1-4.29 3.27zM17.06 4.79A10.42 10.42 0 0 1 26.79 15c0 .51.18 1.27-.58 1.25s-.54-.78-.6-1.29c-.7-5.52-3.23-8.13-8.71-9-.45-.07-1.15 0-1.11-.57.05-.87.87-.54 1.27-.6z\" fill=\"#fff\" fill-rule=\"evenodd\"><\/path><path d=\"M24.09 14.06c-.05.38.17 1-.45 1.13-.83.13-.67-.64-.75-1.13-.56-3.36-1.74-4.59-5.12-5.35-.5-.11-1.27 0-1.15-.8s.82-.48 1.35-.42a6.9 6.9 0 0 1 6.12 6.57z\" fill=\"#fff\" fill-rule=\"evenodd\"><\/path><path d=\"M21.52 13.45c0 .43 0 .87-.53.93s-.6-.26-.64-.64a2.47 2.47 0 0 0-2.26-2.43c-.42-.07-.82-.2-.63-.76.13-.38.47-.41.83-.42a3.66 3.66 0 0 1 3.23 3.32z\" fill=\"#fff\" fill-rule=\"evenodd\"><\/path><\/svg><\/span><\/a><\/div><\/div>","protected":false},"author":1,"featured_media":0,"parent":0,"menu_order":0,"comment_status":"closed","ping_status":"closed","template":"template-blank-4.php","meta":{"footnotes":""},"folder":[],"class_list":["post-405","page","type-page","status-publish","hentry","no-post-thumbnail"],"_links":{"self":[{"href":"https:\/\/pagodetrithu.ch\/vn\/wp-json\/wp\/v2\/pages\/405","targetHints":{"allow":["GET"]}}],"collection":[{"href":"https:\/\/pagodetrithu.ch\/vn\/wp-json\/wp\/v2\/pages"}],"about":[{"href":"https:\/\/pagodetrithu.ch\/vn\/wp-json\/wp\/v2\/types\/page"}],"author":[{"embeddable":true,"href":"https:\/\/pagodetrithu.ch\/vn\/wp-json\/wp\/v2\/users\/1"}],"replies":[{"embeddable":true,"href":"https:\/\/pagodetrithu.ch\/vn\/wp-json\/wp\/v2\/comments?post=405"}],"version-history":[{"count":110,"href":"https:\/\/pagodetrithu.ch\/vn\/wp-json\/wp\/v2\/pages\/405\/revisions"}],"predecessor-version":[{"id":2431,"href":"https:\/\/pagodetrithu.ch\/vn\/wp-json\/wp\/v2\/pages\/405\/revisions\/2431"}],"wp:attachment":[{"href":"https:\/\/pagodetrithu.ch\/vn\/wp-json\/wp\/v2\/media?parent=405"}],"wp:term":[{"taxonomy":"folder","embeddable":true,"href":"https:\/\/pagodetrithu.ch\/vn\/wp-json\/wp\/v2\/folder?post=405"}],"curies":[{"name":"wp","href":"https:\/\/api.w.org\/{rel}","templated":true}]}}