{"id":855,"date":"2021-03-08T07:23:03","date_gmt":"2021-03-08T07:23:03","guid":{"rendered":"http:\/\/pagodetrithu.ch\/?page_id=855"},"modified":"2023-05-08T07:06:16","modified_gmt":"2023-05-08T07:06:16","slug":"ban-cau-an-cau-sieu","status":"publish","type":"page","link":"https:\/\/pagodetrithu.ch\/de\/hoat-dong\/ban-cau-an-cau-sieu\/","title":{"rendered":"Gebet f\u00fcr inneren Frieden und f\u00fcr Verstorbene"},"content":{"rendered":"<div id=\"cs-content\" class=\"cs-content\"><\/div>","protected":false},"excerpt":{"rendered":"<p>B\u1ea3n C\u1ea7u An v\u00e0 C\u1ea7u Si\u00eau Ph\u00eda d\u01b0\u1edbi qu\u00ed Ph\u1eadt T\u1eed c\u00f3 th\u1ec3 t\u1ef1 m\u00ecnh in b\u1ea3n C\u1ea7u An \/ C\u1ea7u Si\u00eau ra b\u1eb1ng PDF v\u00e0 t\u1ef1 m\u00ecnh mang theo v\u00e0o d\u1ecbp k\u1ebf ti\u1ebfp khi \u0111i ch\u00f9a. Nh\u1ea5p chu\u1ed9t v\u00e0o \u0111\u00e2y \u0111\u1ec3 t\u1ea3i xu\u1ed1ng n\u1ebfu b\u1ea1n kh\u00f4ng xem \u0111\u01b0\u1ee3c b\u1ea3n PDF tr\u1ef1c ti\u1ebfp Th\u00f4ng tin kh\u00f4ng th\u1ec3 hi\u1ec3n th\u1ecb tr\u1ef1c &#8230; <a href=\"https:\/\/pagodetrithu.ch\/de\/hoat-dong\/ban-cau-an-cau-sieu\/\" class=\"more-link\">Read More<\/a><\/p>\n<div class='the_champ_sharing_container the_champ_vertical_sharing the_champ_hide_sharing the_champ_bottom_sharing' style='width:34px;right: 0px;top: 500px;-webkit-box-shadow:none;box-shadow:none;' data-super-socializer-href=\"https:\/\/pagodetrithu.ch\/de\/wp-json\/wp\/v2\/pages\/855\"><div class=\"the_champ_sharing_ul\"><a aria-label=\"Facebook\" class=\"the_champ_facebook\" href=\"https:\/\/www.facebook.com\/sharer\/sharer.php?u=https%3A%2F%2Fpagodetrithu.ch%2Fde%2Fwp-json%2Fwp%2Fv2%2Fpages%2F855\" title=\"Facebook\" rel=\"nofollow noopener\" target=\"_blank\" style=\"font-size:24px!important;box-shadow:none;display:inline-block;vertical-align:middle\"><span class=\"the_champ_svg\" style=\"background-color:#0765FE;width:30px;height:30px;border-radius:999px;display:inline-block;opacity:1;float:left;font-size:24px;box-shadow:none;display:inline-block;font-size:16px;padding:0 4px;vertical-align:middle;background-repeat:repeat;overflow:hidden;padding:0;cursor:pointer;box-sizing:content-box\"><svg style=\"display:block;border-radius:999px;\" focusable=\"false\" aria-hidden=\"true\" xmlns=\"http:\/\/www.w3.org\/2000\/svg\" width=\"100%\" height=\"100%\" viewbox=\"0 0 32 32\"><path fill=\"#fff\" d=\"M28 16c0-6.627-5.373-12-12-12S4 9.373 4 16c0 5.628 3.875 10.35 9.101 11.647v-7.98h-2.474V16H13.1v-1.58c0-4.085 1.849-5.978 5.859-5.978.76 0 2.072.15 2.608.298v3.325c-.283-.03-.775-.045-1.386-.045-1.967 0-2.728.745-2.728 2.683V16h3.92l-.673 3.667h-3.247v8.245C23.395 27.195 28 22.135 28 16Z\"><\/path><\/svg><\/span><\/a><a aria-label=\"Whatsapp\" class=\"the_champ_whatsapp\" href=\"https:\/\/api.whatsapp.com\/send?text=Pagode%20Tri%20Thu%20-%20Pagode%20Tri%20Thu https%3A%2F%2Fpagodetrithu.ch%2Fde%2Fwp-json%2Fwp%2Fv2%2Fpages%2F855\" title=\"Whatsapp\" rel=\"nofollow noopener\" target=\"_blank\" style=\"font-size:24px!important;box-shadow:none;display:inline-block;vertical-align:middle\"><span class=\"the_champ_svg\" style=\"background-color:#55eb4c;width:30px;height:30px;border-radius:999px;display:inline-block;opacity:1;float:left;font-size:24px;box-shadow:none;display:inline-block;font-size:16px;padding:0 4px;vertical-align:middle;background-repeat:repeat;overflow:hidden;padding:0;cursor:pointer;box-sizing:content-box\"><svg style=\"display:block;border-radius:999px;\" focusable=\"false\" aria-hidden=\"true\" xmlns=\"http:\/\/www.w3.org\/2000\/svg\" width=\"100%\" height=\"100%\" viewbox=\"-6 -5 40 40\"><path class=\"the_champ_svg_stroke the_champ_no_fill\" stroke=\"#fff\" stroke-width=\"2\" fill=\"none\" d=\"M 11.579798566743314 24.396926207859085 A 10 10 0 1 0 6.808479557110079 20.73576436351046\"><\/path><path d=\"M 7 19 l -1 6 l 6 -1\" class=\"the_champ_no_fill the_champ_svg_stroke\" stroke=\"#fff\" stroke-width=\"2\" fill=\"none\"><\/path><path d=\"M 10 10 q -1 8 8 11 c 5 -1 0 -6 -1 -3 q -4 -3 -5 -5 c 4 -2 -1 -5 -1 -4\" fill=\"#fff\"><\/path><\/svg><\/span><\/a><a aria-label=\"Gmail\" class=\"the_champ_button_google_gmail\" href=\"https:\/\/mail.google.com\/mail\/?ui=2&view=cm&fs=1&tf=1&su=Pagode%20Tri%20Thu%20-%20Pagode%20Tri%20Thu&body=Link:https%3A%2F%2Fpagodetrithu.ch%2Fde%2Fwp-json%2Fwp%2Fv2%2Fpages%2F855\" title=\"Google Gmail\" rel=\"nofollow noopener\" target=\"_blank\" style=\"font-size:24px!important;box-shadow:none;display:inline-block;vertical-align:middle\"><span class=\"the_champ_svg the_champ_s__default the_champ_s_Google_Gmail\" style=\"background-color:#e5e5e5;width:30px;height:30px;border-radius:999px;display:inline-block;opacity:1;float:left;font-size:24px;box-shadow:none;display:inline-block;font-size:16px;padding:0 4px;vertical-align:middle;background-repeat:repeat;overflow:hidden;padding:0;cursor:pointer;box-sizing:content-box\"><svg style=\"display:block;border-radius:999px;\" focusable=\"false\" aria-hidden=\"true\" xmlns=\"http:\/\/www.w3.org\/2000\/svg\" width=\"100%\" height=\"100%\" viewbox=\"0 0 32 32\"><path fill=\"#fff\" d=\"M2.902 6.223h26.195v19.554H2.902z\"><\/path><path fill=\"#E14C41\" class=\"the_champ_no_fill\" d=\"M2.902 25.777h26.195V6.223H2.902v19.554zm22.44-4.007v3.806H6.955v-3.6h.032l.093-.034 6.9-5.558 2.09 1.77 1.854-1.63 7.42 5.246zm0-.672l-7.027-4.917 7.028-6.09V21.1zm-1.17-14.67l-.947.905c-2.356 2.284-4.693 4.75-7.17 6.876l-.078.06L8.062 6.39l16.11.033zm-10.597 9.61l-6.62 5.294.016-10.914 6.607 5.62\"><\/path><\/svg><\/span><\/a><a aria-label=\"Skype\" class=\"the_champ_button_skype\" href=\"https:\/\/web.skype.com\/share?url=https%3A%2F%2Fpagodetrithu.ch%2Fde%2Fwp-json%2Fwp%2Fv2%2Fpages%2F855\" title=\"Skype\" rel=\"nofollow noopener\" target=\"_blank\" style=\"font-size:24px!important;box-shadow:none;display:inline-block;vertical-align:middle\"><span class=\"the_champ_svg the_champ_s__default the_champ_s_skype\" style=\"background-color:#00aff0;width:30px;height:30px;border-radius:999px;display:inline-block;opacity:1;float:left;font-size:24px;box-shadow:none;display:inline-block;font-size:16px;padding:0 4px;vertical-align:middle;background-repeat:repeat;overflow:hidden;padding:0;cursor:pointer;box-sizing:content-box\"><svg style=\"display:block;border-radius:999px;\" focusable=\"false\" aria-hidden=\"true\" xmlns=\"http:\/\/www.w3.org\/2000\/svg\" width=\"100%\" height=\"100%\" viewbox=\"0 0 32 32\"><path fill=\"#fff\" d=\"M27.15 18c-.007.04-.012.084-.02.126l-.04-.24.06.113c.124-.678.19-1.37.19-2.06 0-1.53-.3-3.013-.892-4.41a11.273 11.273 0 0 0-2.43-3.602 11.288 11.288 0 0 0-8.012-3.32c-.72 0-1.443.068-2.146.203h-.005c.04.023.08.04.118.063l-.238-.037c.04-.01.08-.018.12-.026a6.717 6.717 0 0 0-3.146-.787 6.67 6.67 0 0 0-4.748 1.965A6.7 6.7 0 0 0 4 10.738c0 1.14.293 2.262.844 3.253.007-.04.012-.08.02-.12l.04.238-.06-.114c-.112.643-.17 1.3-.17 1.954a11.285 11.285 0 0 0 3.32 8.012c1.04 1.04 2.25 1.86 3.602 2.43 1.397.592 2.882.89 4.412.89.666 0 1.334-.06 1.985-.175-.038-.02-.077-.04-.116-.063l.242.04c-.046.01-.088.015-.13.02a6.68 6.68 0 0 0 3.3.87 6.661 6.661 0 0 0 4.743-1.963A6.666 6.666 0 0 0 28 21.26c0-1.145-.295-2.27-.85-3.264zm-11.098 4.885c-4.027 0-5.828-1.98-5.828-3.463 0-.76.562-1.294 1.336-1.294 1.723 0 1.277 2.474 4.49 2.474 1.647 0 2.556-.893 2.556-1.808 0-.55-.27-1.16-1.355-1.426l-3.58-.895c-2.88-.723-3.405-2.282-3.405-3.748 0-3.043 2.865-4.186 5.556-4.186 2.478 0 5.4 1.37 5.4 3.192 0 .783-.677 1.237-1.45 1.237-1.472 0-1.2-2.035-4.163-2.035-1.47 0-2.285.666-2.285 1.618 0 .95 1.16 1.254 2.17 1.484l2.65.587c2.905.647 3.64 2.342 3.64 3.94 0 2.47-1.895 4.318-5.726 4.318z\"><\/path><\/svg><\/span><\/a><a aria-label=\"Viber\" class=\"the_champ_button_viber\" href=\"viber:\/\/forward?text=Pagode%20Tri%20Thu%20-%20Pagode%20Tri%20Thu https%3A%2F%2Fpagodetrithu.ch%2Fde%2Fwp-json%2Fwp%2Fv2%2Fpages%2F855\" title=\"Viber\" rel=\"nofollow noopener\" style=\"font-size:24px!important;box-shadow:none;display:inline-block;vertical-align:middle\"><span class=\"the_champ_svg the_champ_s__default the_champ_s_viber\" style=\"background-color:#8b628f;width:30px;height:30px;border-radius:999px;display:inline-block;opacity:1;float:left;font-size:24px;box-shadow:none;display:inline-block;font-size:16px;padding:0 4px;vertical-align:middle;background-repeat:repeat;overflow:hidden;padding:0;cursor:pointer;box-sizing:content-box\"><svg style=\"display:block;border-radius:999px;\" focusable=\"false\" aria-hidden=\"true\" xmlns=\"http:\/\/www.w3.org\/2000\/svg\" width=\"100%\" height=\"100%\" viewbox=\"0 0 32 32\"><path d=\"M22.57 27.22a7.39 7.39 0 0 1-1.14-.32 29 29 0 0 1-16-16.12c-1-2.55 0-4.7 2.66-5.58a2 2 0 0 1 1.39 0c1.12.41 3.94 4.3 4 5.46a2 2 0 0 1-1.16 1.78 2 2 0 0 0-.66 2.84A10.3 10.3 0 0 0 17 20.55a1.67 1.67 0 0 0 2.35-.55c1.07-1.62 2.38-1.54 3.82-.54.72.51 1.45 1 2.14 1.55.93.75 2.1 1.37 1.55 2.94a5.21 5.21 0 0 1-4.29 3.27zM17.06 4.79A10.42 10.42 0 0 1 26.79 15c0 .51.18 1.27-.58 1.25s-.54-.78-.6-1.29c-.7-5.52-3.23-8.13-8.71-9-.45-.07-1.15 0-1.11-.57.05-.87.87-.54 1.27-.6z\" fill=\"#fff\" fill-rule=\"evenodd\"><\/path><path d=\"M24.09 14.06c-.05.38.17 1-.45 1.13-.83.13-.67-.64-.75-1.13-.56-3.36-1.74-4.59-5.12-5.35-.5-.11-1.27 0-1.15-.8s.82-.48 1.35-.42a6.9 6.9 0 0 1 6.12 6.57z\" fill=\"#fff\" fill-rule=\"evenodd\"><\/path><path d=\"M21.52 13.45c0 .43 0 .87-.53.93s-.6-.26-.64-.64a2.47 2.47 0 0 0-2.26-2.43c-.42-.07-.82-.2-.63-.76.13-.38.47-.41.83-.42a3.66 3.66 0 0 1 3.23 3.32z\" fill=\"#fff\" fill-rule=\"evenodd\"><\/path><\/svg><\/span><\/a><\/div><\/div>","protected":false},"author":1,"featured_media":0,"parent":406,"menu_order":0,"comment_status":"closed","ping_status":"closed","template":"template-blank-4.php","meta":{"footnotes":""},"folder":[],"class_list":["post-855","page","type-page","status-publish","hentry","no-post-thumbnail"],"_links":{"self":[{"href":"https:\/\/pagodetrithu.ch\/de\/wp-json\/wp\/v2\/pages\/855","targetHints":{"allow":["GET"]}}],"collection":[{"href":"https:\/\/pagodetrithu.ch\/de\/wp-json\/wp\/v2\/pages"}],"about":[{"href":"https:\/\/pagodetrithu.ch\/de\/wp-json\/wp\/v2\/types\/page"}],"author":[{"embeddable":true,"href":"https:\/\/pagodetrithu.ch\/de\/wp-json\/wp\/v2\/users\/1"}],"replies":[{"embeddable":true,"href":"https:\/\/pagodetrithu.ch\/de\/wp-json\/wp\/v2\/comments?post=855"}],"version-history":[{"count":25,"href":"https:\/\/pagodetrithu.ch\/de\/wp-json\/wp\/v2\/pages\/855\/revisions"}],"predecessor-version":[{"id":2097,"href":"https:\/\/pagodetrithu.ch\/de\/wp-json\/wp\/v2\/pages\/855\/revisions\/2097"}],"up":[{"embeddable":true,"href":"https:\/\/pagodetrithu.ch\/de\/wp-json\/wp\/v2\/pages\/406"}],"wp:attachment":[{"href":"https:\/\/pagodetrithu.ch\/de\/wp-json\/wp\/v2\/media?parent=855"}],"wp:term":[{"taxonomy":"folder","embeddable":true,"href":"https:\/\/pagodetrithu.ch\/de\/wp-json\/wp\/v2\/folder?post=855"}],"curies":[{"name":"wp","href":"https:\/\/api.w.org\/{rel}","templated":true}]}}